{"id":1592,"date":"2018-01-21T10:30:29","date_gmt":"2018-01-21T10:30:29","guid":{"rendered":"http:\/\/canada-club-geneva.com\/?page_id=1592"},"modified":"2020-01-30T19:42:57","modified_gmt":"2020-01-30T19:42:57","slug":"registration-curling","status":"publish","type":"page","link":"http:\/\/canada-club-geneva.com\/fr\/registration-curling\/","title":{"rendered":"Inscription &#8211; Curling"},"content":{"rendered":"<div role=\"form\" class=\"wpcf7\" id=\"wpcf7-f850-o1\" lang=\"en-US\" dir=\"ltr\">\n<div class=\"screen-reader-response\"><p role=\"status\" aria-live=\"polite\" aria-atomic=\"true\"><\/p> <ul><\/ul><\/div>\n<form action=\"\/fr\/wp-json\/wp\/v2\/pages\/1592#wpcf7-f850-o1\" method=\"post\" class=\"wpcf7-form init\" novalidate=\"novalidate\" data-status=\"init\">\n<div style=\"display: none;\">\n<input type=\"hidden\" name=\"_wpcf7\" value=\"850\" \/>\n<input type=\"hidden\" name=\"_wpcf7_version\" value=\"5.4.2\" \/>\n<input type=\"hidden\" name=\"_wpcf7_locale\" value=\"en_US\" \/>\n<input type=\"hidden\" name=\"_wpcf7_unit_tag\" value=\"wpcf7-f850-o1\" \/>\n<input type=\"hidden\" name=\"_wpcf7_container_post\" value=\"0\" \/>\n<input type=\"hidden\" name=\"_wpcf7_posted_data_hash\" value=\"\" \/>\n<\/div>\n<p>Votre pr\u00e9nom (obligatoire)<br \/>\n    <span class=\"wpcf7-form-control-wrap votre-prenom\"><input type=\"text\" name=\"votre-prenom\" value=\"\" size=\"40\" class=\"wpcf7-form-control wpcf7-text wpcf7-validates-as-required\" aria-required=\"true\" aria-invalid=\"false\" \/><\/span> <\/p>\n<p>Votre nom (obligatoire)<br \/>\n    <span class=\"wpcf7-form-control-wrap votre-nom\"><input type=\"text\" name=\"votre-nom\" value=\"\" size=\"40\" class=\"wpcf7-form-control wpcf7-text wpcf7-validates-as-required\" aria-required=\"true\" aria-invalid=\"false\" \/><\/span> <\/p>\n<p>Votre courriel (obligatoire)<br \/>\n    <span class=\"wpcf7-form-control-wrap votre-courriel\"><input type=\"email\" name=\"votre-courriel\" value=\"\" size=\"40\" class=\"wpcf7-form-control wpcf7-text wpcf7-email wpcf7-validates-as-required wpcf7-validates-as-email\" aria-required=\"true\" aria-invalid=\"false\" \/><\/span> <\/p>\n<p>Votre num\u00e9ro de t\u00e9l\u00e9phone (obligatoire)<br \/>\n    <span class=\"wpcf7-form-control-wrap votre-telephone\"><input type=\"text\" name=\"votre-telephone\" value=\"\" size=\"40\" class=\"wpcf7-form-control wpcf7-text wpcf7-validates-as-required\" aria-required=\"true\" aria-invalid=\"false\" \/><\/span> <\/p>\n<p>Nombre de joueurs que vous inscrivez (obligatoire)<br \/>\n  <span class=\"wpcf7-form-control-wrap your-message\"><input type=\"text\" name=\"your-message\" value=\"\" size=\"40\" class=\"wpcf7-form-control wpcf7-text wpcf7-validates-as-required\" aria-required=\"true\" aria-invalid=\"false\" \/><\/span> <\/p>\n<p>Nombre de joueurs qui feront l'initiation (obligatoire)<br \/>\n  <span class=\"wpcf7-form-control-wrap initiation\"><input type=\"text\" name=\"initiation\" value=\"\" size=\"40\" class=\"wpcf7-form-control wpcf7-text wpcf7-validates-as-required\" aria-required=\"true\" aria-invalid=\"false\" \/><\/span> <\/p>\n<p>Nombre de joueurs avec exp\u00e9rience qui d\u00e9sire jouer un match (obligatoire)<br \/>\n  <span class=\"wpcf7-form-control-wrap match\"><input type=\"text\" name=\"match\" value=\"\" size=\"40\" class=\"wpcf7-form-control wpcf7-text wpcf7-validates-as-required\" aria-required=\"true\" aria-invalid=\"false\" \/><\/span> <\/p>\n<p>Votre r\u00e9servation sera valide seulement lorsque votre paiement sera compl\u00e9t\u00e9.<br \/>\nPaiement obligatoire d'ici le 1 mars 2019. Aucun remboursement\/annulation apr\u00e8s cette date.<\/p>\n<p>Vous recevrez les infos de paiement par courriel. Merci de v\u00e9rifier dans vos spams si vous ne recevez pas de courriel de notre part. Au besoin, communiquer avec nous \u00e0 admin@canada-club-geneva.com<\/p>\n<p><input type=\"hidden\" name=\"_wpcf7_captcha_challenge_captcha-598\" value=\"3605279546\" \/><img class=\"wpcf7-form-control wpcf7-captchac wpcf7-captcha-captcha-598\" width=\"72\" height=\"24\" alt=\"captcha\" src=\"http:\/\/canada-club-geneva.com\/wp-content\/uploads\/wpcf7_captcha\/3605279546.png\" \/><br \/>\n   <span class=\"wpcf7-form-control-wrap captcha-598\"><input type=\"text\" name=\"captcha-598\" value=\"\" size=\"40\" class=\"wpcf7-form-control wpcf7-captchar\" autocomplete=\"off\" aria-invalid=\"false\" \/><\/span> <\/p>\n<p><input type=\"submit\" value=\"Envoyer\" class=\"wpcf7-form-control wpcf7-submit\" \/><\/p>\n<p style=\"display: none !important;\"><label>&#916;<textarea name=\"_wpcf7_ak_hp_textarea\" cols=\"45\" rows=\"8\" maxlength=\"100\"><\/textarea><\/label><input type=\"hidden\" id=\"ak_js\" name=\"_wpcf7_ak_js\" value=\"48\"\/><script>document.getElementById( \"ak_js\" ).setAttribute( \"value\", ( new Date() ).getTime() );<\/script><\/p><div class=\"wpcf7-response-output\" aria-hidden=\"true\"><\/div><\/form><\/div>\n","protected":false},"excerpt":{"rendered":"","protected":false},"author":1,"featured_media":0,"parent":0,"menu_order":0,"comment_status":"open","ping_status":"open","template":"","meta":{"_bbp_topic_count":0,"_bbp_reply_count":0,"_bbp_total_topic_count":0,"_bbp_total_reply_count":0,"_bbp_voice_count":0,"_bbp_anonymous_reply_count":0,"_bbp_topic_count_hidden":0,"_bbp_reply_count_hidden":0,"_bbp_forum_subforum_count":0},"translation":{"provider":"WPGlobus","version":"2.8.4","language":"fr","enabled_languages":["en","fr"],"languages":{"en":{"title":true,"content":true,"excerpt":false},"fr":{"title":true,"content":true,"excerpt":false}}},"yoast_head":"<!-- This site is optimized with the Yoast SEO plugin v17.4 - https:\/\/yoast.com\/wordpress\/plugins\/seo\/ -->\n<title>Inscription - CurlingRegistration - Curling - CANADA CLUB GENEVA<\/title>\n<meta name=\"robots\" content=\"index, follow, max-snippet:-1, max-image-preview:large, max-video-preview:-1\" \/>\n<link rel=\"canonical\" href=\"http:\/\/canada-club-geneva.com\/registration-curling\/\" \/>\n<meta property=\"og:locale\" content=\"fr_FR\" \/>\n<meta property=\"og:type\" content=\"article\" \/>\n<meta property=\"og:title\" content=\"Inscription - CurlingRegistration - Curling - CANADA CLUB GENEVA\" \/>\n<meta property=\"og:url\" content=\"http:\/\/canada-club-geneva.com\/registration-curling\/\" \/>\n<meta property=\"og:site_name\" content=\"CANADA CLUB GENEVA\" \/>\n<meta property=\"article:modified_time\" content=\"2020-01-30T19:42:57+00:00\" \/>\n<meta name=\"twitter:card\" content=\"summary_large_image\" \/>\n<script type=\"application\/ld+json\" class=\"yoast-schema-graph\">{\"@context\":\"https:\/\/schema.org\",\"@graph\":[{\"@type\":\"WebSite\",\"@id\":\"http:\/\/canada-club-geneva.com\/#website\",\"url\":\"http:\/\/canada-club-geneva.com\/\",\"name\":\"CANADA CLUB GENEVA\",\"description\":\"Rencontre entre amis canadians\",\"potentialAction\":[{\"@type\":\"SearchAction\",\"target\":{\"@type\":\"EntryPoint\",\"urlTemplate\":\"http:\/\/canada-club-geneva.com\/?s={search_term_string}\"},\"query-input\":\"required name=search_term_string\"}],\"inLanguage\":\"fr-FR\"},{\"@type\":\"WebPage\",\"@id\":\"http:\/\/canada-club-geneva.com\/registration-curling\/#webpage\",\"url\":\"http:\/\/canada-club-geneva.com\/registration-curling\/\",\"name\":\"Inscription - CurlingRegistration - Curling - CANADA CLUB GENEVA\",\"isPartOf\":{\"@id\":\"http:\/\/canada-club-geneva.com\/#website\"},\"datePublished\":\"2018-01-21T10:30:29+00:00\",\"dateModified\":\"2020-01-30T19:42:57+00:00\",\"breadcrumb\":{\"@id\":\"http:\/\/canada-club-geneva.com\/registration-curling\/#breadcrumb\"},\"inLanguage\":\"fr-FR\",\"potentialAction\":[{\"@type\":\"ReadAction\",\"target\":[\"http:\/\/canada-club-geneva.com\/registration-curling\/\"]}]},{\"@type\":\"BreadcrumbList\",\"@id\":\"http:\/\/canada-club-geneva.com\/registration-curling\/#breadcrumb\",\"itemListElement\":[{\"@type\":\"ListItem\",\"position\":1,\"name\":\"Home\",\"item\":\"http:\/\/canada-club-geneva.com\/\"},{\"@type\":\"ListItem\",\"position\":2,\"name\":\"Registration &#8211; Curling\"}]}]}<\/script>\n<!-- \/ Yoast SEO plugin. -->","yoast_head_json":{"title":"Inscription - CurlingRegistration - Curling - CANADA CLUB GENEVA","robots":{"index":"index","follow":"follow","max-snippet":"max-snippet:-1","max-image-preview":"max-image-preview:large","max-video-preview":"max-video-preview:-1"},"canonical":"http:\/\/canada-club-geneva.com\/registration-curling\/","og_locale":"fr_FR","og_type":"article","og_title":"Inscription - CurlingRegistration - Curling - CANADA CLUB GENEVA","og_url":"http:\/\/canada-club-geneva.com\/registration-curling\/","og_site_name":"CANADA CLUB GENEVA","article_modified_time":"2020-01-30T19:42:57+00:00","twitter_card":"summary_large_image","schema":{"@context":"https:\/\/schema.org","@graph":[{"@type":"WebSite","@id":"http:\/\/canada-club-geneva.com\/#website","url":"http:\/\/canada-club-geneva.com\/","name":"CANADA CLUB GENEVA","description":"Rencontre entre amis canadians","potentialAction":[{"@type":"SearchAction","target":{"@type":"EntryPoint","urlTemplate":"http:\/\/canada-club-geneva.com\/?s={search_term_string}"},"query-input":"required name=search_term_string"}],"inLanguage":"fr-FR"},{"@type":"WebPage","@id":"http:\/\/canada-club-geneva.com\/registration-curling\/#webpage","url":"http:\/\/canada-club-geneva.com\/registration-curling\/","name":"Inscription - CurlingRegistration - Curling - CANADA CLUB GENEVA","isPartOf":{"@id":"http:\/\/canada-club-geneva.com\/#website"},"datePublished":"2018-01-21T10:30:29+00:00","dateModified":"2020-01-30T19:42:57+00:00","breadcrumb":{"@id":"http:\/\/canada-club-geneva.com\/registration-curling\/#breadcrumb"},"inLanguage":"fr-FR","potentialAction":[{"@type":"ReadAction","target":["http:\/\/canada-club-geneva.com\/registration-curling\/"]}]},{"@type":"BreadcrumbList","@id":"http:\/\/canada-club-geneva.com\/registration-curling\/#breadcrumb","itemListElement":[{"@type":"ListItem","position":1,"name":"Home","item":"http:\/\/canada-club-geneva.com\/"},{"@type":"ListItem","position":2,"name":"Registration &#8211; Curling"}]}]}},"_links":{"self":[{"href":"http:\/\/canada-club-geneva.com\/fr\/wp-json\/wp\/v2\/pages\/1592"}],"collection":[{"href":"http:\/\/canada-club-geneva.com\/fr\/wp-json\/wp\/v2\/pages"}],"about":[{"href":"http:\/\/canada-club-geneva.com\/fr\/wp-json\/wp\/v2\/types\/page"}],"author":[{"embeddable":true,"href":"http:\/\/canada-club-geneva.com\/fr\/wp-json\/wp\/v2\/users\/1"}],"replies":[{"embeddable":true,"href":"http:\/\/canada-club-geneva.com\/fr\/wp-json\/wp\/v2\/comments?post=1592"}],"version-history":[{"count":0,"href":"http:\/\/canada-club-geneva.com\/fr\/wp-json\/wp\/v2\/pages\/1592\/revisions"}],"wp:attachment":[{"href":"http:\/\/canada-club-geneva.com\/fr\/wp-json\/wp\/v2\/media?parent=1592"}],"curies":[{"name":"wp","href":"https:\/\/api.w.org\/{rel}","templated":true}]}}