{"id":2134,"date":"2020-06-18T09:03:46","date_gmt":"2020-06-18T09:03:46","guid":{"rendered":"http:\/\/canada-club-geneva.com\/?page_id=2134"},"modified":"2020-10-05T12:47:56","modified_gmt":"2020-10-05T12:47:56","slug":"canada-club-events","status":"publish","type":"page","link":"http:\/\/canada-club-geneva.com\/fr\/canada-club-events\/","title":{"rendered":"\u00c9V\u00c9NEMENTS"},"content":{"rendered":"\n<figure class=\"wp-block-table\"><table><tbody><tr><td><strong>TYPE D&rsquo;ACTIVIT\u00c9S<\/strong><\/td><td><strong>QUAND<\/strong><\/td><td><strong>BON \u00c0 SAVOIR<\/strong><\/td><\/tr><tr><td>D\u00e9gustation de vins &#8211; Visite de vignoble<\/td><td>Tr\u00e8s variable<\/td><td><br>Les d\u00e9tails sont affich\u00e9s sur le site Web et Facebook.<\/td><\/tr><tr><td>Brunch de l&rsquo;Action de Gr\u00e2ce<\/td><td>Octobre<\/td><td>Dinde et sauce aux canneberges sp\u00e9cialement<\/td><\/tr><tr><td>Happy Hour<\/td><td><br>Essayez pour mensuel<\/td><td>Les d\u00e9tails sont affich\u00e9s sur le site Web et Facebook.<\/td><\/tr><tr><td>Soir\u00e9e de curling &#8211; Initiation<\/td><td>Octobre et Mars<\/td><td>Les d\u00e9tails sont affich\u00e9s sur le site Web et Facebook.<\/td><\/tr><tr><td>Cocktail du d\u00e9but d&rsquo;ann\u00e9e<\/td><td>Janvier<\/td><td>Les d\u00e9tails sont affich\u00e9s sur le site Web et Facebook.<\/td><\/tr><tr><td>Match de hockey<br> &#8211; \u00c9quipe national<\/td><td>Tr\u00e8s variable<\/td><td>Dans un pub de Gen\u00e8ve<br>Les d\u00e9tails sont affich\u00e9s sur le site Web et Facebook.<\/td><\/tr><tr><td>Daffodil Networking Cocktail<br>(Organis\u00e9 par la Chambre de Commerce Canada &#8211; Suisse)<\/td><td>Avril<\/td><td>R\u00e9seautage d&rsquo;affaires.<\/td><\/tr><tr><td>F\u00eate du Canada<\/td><td>1 Juillet<\/td><td>Dans un pub de Gen\u00e8ve<br>Les d\u00e9tails sont affich\u00e9s sur le site Web et Facebook.<\/td><\/tr><\/tbody><\/table><\/figure>\n","protected":false},"excerpt":{"rendered":"<p>TYPE D&rsquo;ACTIVIT\u00c9S QUAND BON \u00c0 SAVOIR D\u00e9gustation de vins &#8211; Visite de vignoble Tr\u00e8s variable Les d\u00e9tails sont affich\u00e9s sur le site Web et Facebook. Brunch de l&rsquo;Action de Gr\u00e2ce Octobre Dinde et sauce aux canneberges sp\u00e9cialement Happy Hour Essayez pour mensuel Les d\u00e9tails sont affich\u00e9s sur le site Web<\/p>\n","protected":false},"author":1,"featured_media":0,"parent":0,"menu_order":0,"comment_status":"closed","ping_status":"closed","template":"","meta":{"_bbp_topic_count":0,"_bbp_reply_count":0,"_bbp_total_topic_count":0,"_bbp_total_reply_count":0,"_bbp_voice_count":0,"_bbp_anonymous_reply_count":0,"_bbp_topic_count_hidden":0,"_bbp_reply_count_hidden":0,"_bbp_forum_subforum_count":0},"translation":{"provider":"WPGlobus","version":"2.8.4","language":"fr","enabled_languages":["en","fr"],"languages":{"en":{"title":true,"content":true,"excerpt":false},"fr":{"title":true,"content":true,"excerpt":false}}},"yoast_head":"<!-- This site is optimized with the Yoast SEO plugin v17.4 - https:\/\/yoast.com\/wordpress\/plugins\/seo\/ -->\n<title>REGULAR CLUB EVENTS<\/title>\n<meta name=\"robots\" content=\"index, follow, max-snippet:-1, max-image-preview:large, max-video-preview:-1\" \/>\n<link rel=\"canonical\" href=\"http:\/\/canada-club-geneva.com\/canada-club-events\/\" \/>\n<meta property=\"og:locale\" content=\"fr_FR\" \/>\n<meta property=\"og:type\" content=\"article\" \/>\n<meta property=\"og:title\" content=\"\u00c9V\u00c9NEMENTS - CANADA CLUB GENEVA\" \/>\n<meta property=\"og:url\" content=\"http:\/\/canada-club-geneva.com\/canada-club-events\/\" \/>\n<meta property=\"og:site_name\" content=\"CANADA CLUB GENEVA\" \/>\n<meta property=\"article:modified_time\" content=\"2020-10-05T12:47:56+00:00\" \/>\n<meta name=\"twitter:card\" content=\"summary_large_image\" \/>\n<meta name=\"twitter:label1\" content=\"Dur\u00e9e de lecture est.\" \/>\n\t<meta name=\"twitter:data1\" content=\"1 minute\" \/>\n<script type=\"application\/ld+json\" class=\"yoast-schema-graph\">{\"@context\":\"https:\/\/schema.org\",\"@graph\":[{\"@type\":\"WebSite\",\"@id\":\"http:\/\/canada-club-geneva.com\/#website\",\"url\":\"http:\/\/canada-club-geneva.com\/\",\"name\":\"CANADA CLUB GENEVA\",\"description\":\"Rencontre entre amis canadians\",\"potentialAction\":[{\"@type\":\"SearchAction\",\"target\":{\"@type\":\"EntryPoint\",\"urlTemplate\":\"http:\/\/canada-club-geneva.com\/?s={search_term_string}\"},\"query-input\":\"required name=search_term_string\"}],\"inLanguage\":\"fr-FR\"},{\"@type\":\"WebPage\",\"@id\":\"http:\/\/canada-club-geneva.com\/canada-club-events\/#webpage\",\"url\":\"http:\/\/canada-club-geneva.com\/canada-club-events\/\",\"name\":\"REGULAR CLUB EVENTS\",\"isPartOf\":{\"@id\":\"http:\/\/canada-club-geneva.com\/#website\"},\"datePublished\":\"2020-06-18T09:03:46+00:00\",\"dateModified\":\"2020-10-05T12:47:56+00:00\",\"description\":\"Looking to meet fellow Candians. Check out our list of the regular events we try to host during the year.\",\"breadcrumb\":{\"@id\":\"http:\/\/canada-club-geneva.com\/canada-club-events\/#breadcrumb\"},\"inLanguage\":\"fr-FR\",\"potentialAction\":[{\"@type\":\"ReadAction\",\"target\":[\"http:\/\/canada-club-geneva.com\/canada-club-events\/\"]}]},{\"@type\":\"BreadcrumbList\",\"@id\":\"http:\/\/canada-club-geneva.com\/canada-club-events\/#breadcrumb\",\"itemListElement\":[{\"@type\":\"ListItem\",\"position\":1,\"name\":\"Home\",\"item\":\"http:\/\/canada-club-geneva.com\/\"},{\"@type\":\"ListItem\",\"position\":2,\"name\":\"REGULAR CLUB EVENTS\"}]}]}<\/script>\n<!-- \/ Yoast SEO plugin. -->","yoast_head_json":{"title":"REGULAR CLUB EVENTS","robots":{"index":"index","follow":"follow","max-snippet":"max-snippet:-1","max-image-preview":"max-image-preview:large","max-video-preview":"max-video-preview:-1"},"canonical":"http:\/\/canada-club-geneva.com\/canada-club-events\/","og_locale":"fr_FR","og_type":"article","og_title":"\u00c9V\u00c9NEMENTS - CANADA CLUB GENEVA","og_url":"http:\/\/canada-club-geneva.com\/canada-club-events\/","og_site_name":"CANADA CLUB GENEVA","article_modified_time":"2020-10-05T12:47:56+00:00","twitter_card":"summary_large_image","twitter_misc":{"Dur\u00e9e de lecture est.":"1 minute"},"schema":{"@context":"https:\/\/schema.org","@graph":[{"@type":"WebSite","@id":"http:\/\/canada-club-geneva.com\/#website","url":"http:\/\/canada-club-geneva.com\/","name":"CANADA CLUB GENEVA","description":"Rencontre entre amis canadians","potentialAction":[{"@type":"SearchAction","target":{"@type":"EntryPoint","urlTemplate":"http:\/\/canada-club-geneva.com\/?s={search_term_string}"},"query-input":"required name=search_term_string"}],"inLanguage":"fr-FR"},{"@type":"WebPage","@id":"http:\/\/canada-club-geneva.com\/canada-club-events\/#webpage","url":"http:\/\/canada-club-geneva.com\/canada-club-events\/","name":"REGULAR CLUB EVENTS","isPartOf":{"@id":"http:\/\/canada-club-geneva.com\/#website"},"datePublished":"2020-06-18T09:03:46+00:00","dateModified":"2020-10-05T12:47:56+00:00","description":"Looking to meet fellow Candians. Check out our list of the regular events we try to host during the year.","breadcrumb":{"@id":"http:\/\/canada-club-geneva.com\/canada-club-events\/#breadcrumb"},"inLanguage":"fr-FR","potentialAction":[{"@type":"ReadAction","target":["http:\/\/canada-club-geneva.com\/canada-club-events\/"]}]},{"@type":"BreadcrumbList","@id":"http:\/\/canada-club-geneva.com\/canada-club-events\/#breadcrumb","itemListElement":[{"@type":"ListItem","position":1,"name":"Home","item":"http:\/\/canada-club-geneva.com\/"},{"@type":"ListItem","position":2,"name":"REGULAR CLUB EVENTS"}]}]}},"_links":{"self":[{"href":"http:\/\/canada-club-geneva.com\/fr\/wp-json\/wp\/v2\/pages\/2134"}],"collection":[{"href":"http:\/\/canada-club-geneva.com\/fr\/wp-json\/wp\/v2\/pages"}],"about":[{"href":"http:\/\/canada-club-geneva.com\/fr\/wp-json\/wp\/v2\/types\/page"}],"author":[{"embeddable":true,"href":"http:\/\/canada-club-geneva.com\/fr\/wp-json\/wp\/v2\/users\/1"}],"replies":[{"embeddable":true,"href":"http:\/\/canada-club-geneva.com\/fr\/wp-json\/wp\/v2\/comments?post=2134"}],"version-history":[{"count":1,"href":"http:\/\/canada-club-geneva.com\/fr\/wp-json\/wp\/v2\/pages\/2134\/revisions"}],"predecessor-version":[{"id":2624,"href":"http:\/\/canada-club-geneva.com\/fr\/wp-json\/wp\/v2\/pages\/2134\/revisions\/2624"}],"wp:attachment":[{"href":"http:\/\/canada-club-geneva.com\/fr\/wp-json\/wp\/v2\/media?parent=2134"}],"curies":[{"name":"wp","href":"https:\/\/api.w.org\/{rel}","templated":true}]}}