{"id":41,"date":"2013-08-19T04:45:49","date_gmt":"2013-08-19T04:45:49","guid":{"rendered":"http:\/\/canada-club-geneva.com\/?page_id=41"},"modified":"2020-06-18T08:32:47","modified_gmt":"2020-06-18T08:32:47","slug":"news","status":"publish","type":"page","link":"http:\/\/canada-club-geneva.com\/fr\/news\/","title":{"rendered":"Nouvelles"},"content":{"rendered":"<ul class=\"wp-block-latest-posts__list wp-block-latest-posts\"><li><div class=\"wp-block-latest-posts__featured-image\"><img width=\"150\" height=\"150\" src=\"http:\/\/canada-club-geneva.com\/wp-content\/uploads\/2021\/12\/Cardoon_Gratine-150x150.jpg\" class=\"attachment-thumbnail size-thumbnail wp-post-image\" alt=\"\" loading=\"lazy\" style=\"\" \/><\/div><a href=\"http:\/\/canada-club-geneva.com\/fr\/cardon\/\">Cardon Histoire et Recette<\/a><div class=\"wp-block-latest-posts__post-excerpt\">Cardon \u00e9pineux de Plainpalais AOC (appellation d\u2019origine contr\u00f4l\u00e9e): Origine et Histoire par Raymonde Schmirl Les Romains connaissaient d\u00e9j\u00e0 le cardon. Sauvage \u00e0 l\u2019origine, il est devenu, gr\u00e2ce aux s\u00e9lections des horticulteurs romains, un l\u00e9gume fin. Le cardon est un l\u00e9gume de haut rang gastronomique. \u00ab\u00a0Le cardon la gloire des cordons-bleus l\u00e9maniques\u00a0\u00bb! L\u2019origine du cardon, tout<\/div><\/li>\n<li><div class=\"wp-block-latest-posts__featured-image\"><img width=\"150\" height=\"150\" src=\"http:\/\/canada-club-geneva.com\/wp-content\/uploads\/2021\/11\/Untitled-design-150x150.png\" class=\"attachment-thumbnail size-thumbnail wp-post-image\" alt=\"photo of pumpkins\" loading=\"lazy\" style=\"\" \/><\/div><a href=\"http:\/\/canada-club-geneva.com\/fr\/saturday-review-recipe\/\">Revue du samedi &#8211; Carte Blanche<\/a><div class=\"wp-block-latest-posts__post-excerpt\">\u201cAllez, allez, fais la citrouille avec moi (encore)\u201d par Jurgen Gothe Pour 6 personnes Ingr\u00e9dients pour le rago\u00fbt : 3 livres de b\u0153uf maigre en cubes de 1 pouce \u00bc tasse de bonne huile d&rsquo;olive 2 oignons moyens, hach\u00e9s 2 tasses de poivron vert, hach\u00e9 3 \u00e0 4 gousses d&rsquo;ail hach\u00e9es 2 cuill\u00e8res \u00e0 soupe<\/div><\/li>\n<li><div class=\"wp-block-latest-posts__featured-image\"><img width=\"150\" height=\"150\" src=\"http:\/\/canada-club-geneva.com\/wp-content\/uploads\/2021\/05\/Untitled-design-6-150x150.png\" class=\"attachment-thumbnail size-thumbnail\" alt=\"picture of an AirCanada airplane wing\" loading=\"lazy\" style=\"\" \/><\/div><a href=\"http:\/\/canada-club-geneva.com\/fr\/air-canada-offering-refunds\/\">AIR CANADA &#8211; OFFRE DE REMBOURSER<\/a><div class=\"wp-block-latest-posts__post-excerpt\">Air Canada offre de rembourser les billets, peu importe le tarif, pour les vols touch\u00e9s par la COVID-19 depuis le 1er f\u00e9vrier 2020. Air Canada a annonc\u00e9 que les clients admissibles qui ont achet\u00e9 un billet non remboursable pour un voyage commen\u00e7ant au plus t\u00f4t le 1er f\u00e9vrier 2020, mais qui n\u2019ont pas voyag\u00e9, peuvent<\/div><\/li>\n<li><div class=\"wp-block-latest-posts__featured-image\"><img width=\"150\" height=\"150\" src=\"http:\/\/canada-club-geneva.com\/wp-content\/uploads\/2021\/05\/sunflower-600-x-400-150x150.png\" class=\"attachment-thumbnail size-thumbnail wp-post-image\" alt=\"\" loading=\"lazy\" style=\"\" \/><\/div><a href=\"http:\/\/canada-club-geneva.com\/fr\/2021-geneva-summer-activities\/\">VOUS PLANIFIEZ LES ACTIVIT\u00c9S ESTIVALES DE VOS ENFANTS?<\/a><div class=\"wp-block-latest-posts__post-excerpt\">Par Kate Lau Apr\u00e8s les vacances de P\u00e2ques, les enfants se dirigent tranquillement vers la fin de l\u2019ann\u00e9e scolaire, c\u2019est-\u00e0-dire le d\u00e9but des vacances d\u2019\u00e9t\u00e9 dans moins de 2 mois. Pour ceux qui sont des \u00e9coles publiques, les parents ont d\u00fb recevoir un d\u00e9pliant en couleur du Canton qui liste les diff\u00e9rentes organisations offrant des<\/div><\/li>\n<li><div class=\"wp-block-latest-posts__featured-image\"><img width=\"150\" height=\"150\" src=\"http:\/\/canada-club-geneva.com\/wp-content\/uploads\/2021\/05\/March-2021-150x150.png\" class=\"attachment-thumbnail size-thumbnail\" alt=\"image of the mountains\" loading=\"lazy\" style=\"\" \/><\/div><a href=\"http:\/\/canada-club-geneva.com\/fr\/march2021-back-to-life\/\">MARS 2021 &#8211; RETOUR \u00c0 LA VIE!<\/a><div class=\"wp-block-latest-posts__post-excerpt\">Par Kate Lau &nbsp; Il y a environ un an le canton de Gen\u00e8ve a pris les premi\u00e8res mesures sanitaires en ligne avec le Conseil f\u00e9d\u00e9ral suite au COVID-19. Personne ne s\u2019attendait \u00e0 ce que notre vie quotidienne puisse encore \u00eatre impact\u00e9e aujourd\u2019hui. Les hauts et les bas \u00e9motionnels, de l\u2019incertitude \u00e0 l\u2019espoir en passant<\/div><\/li>\n<\/ul>\n\n\n<p><\/p>\n","protected":false},"excerpt":{"rendered":"","protected":false},"author":1,"featured_media":0,"parent":0,"menu_order":0,"comment_status":"closed","ping_status":"open","template":"","meta":{"_bbp_topic_count":0,"_bbp_reply_count":0,"_bbp_total_topic_count":0,"_bbp_total_reply_count":0,"_bbp_voice_count":0,"_bbp_anonymous_reply_count":0,"_bbp_topic_count_hidden":0,"_bbp_reply_count_hidden":0,"_bbp_forum_subforum_count":0},"translation":{"provider":"WPGlobus","version":"2.8.4","language":"fr","enabled_languages":["en","fr"],"languages":{"en":{"title":true,"content":true,"excerpt":false},"fr":{"title":true,"content":false,"excerpt":false}}},"yoast_head":"<!-- This site is optimized with the Yoast SEO plugin v17.4 - https:\/\/yoast.com\/wordpress\/plugins\/seo\/ -->\n<title>NouvellesNews - CANADA CLUB GENEVA<\/title>\n<meta name=\"robots\" content=\"index, follow, max-snippet:-1, max-image-preview:large, max-video-preview:-1\" \/>\n<link rel=\"canonical\" href=\"http:\/\/canada-club-geneva.com\/news\/\" \/>\n<meta property=\"og:locale\" content=\"fr_FR\" \/>\n<meta property=\"og:type\" content=\"article\" \/>\n<meta property=\"og:title\" content=\"NouvellesNews - CANADA CLUB GENEVA\" \/>\n<meta property=\"og:url\" content=\"http:\/\/canada-club-geneva.com\/news\/\" \/>\n<meta property=\"og:site_name\" content=\"CANADA CLUB GENEVA\" \/>\n<meta property=\"article:modified_time\" content=\"2020-06-18T08:32:47+00:00\" \/>\n<meta name=\"twitter:card\" content=\"summary_large_image\" \/>\n<script type=\"application\/ld+json\" class=\"yoast-schema-graph\">{\"@context\":\"https:\/\/schema.org\",\"@graph\":[{\"@type\":\"WebSite\",\"@id\":\"http:\/\/canada-club-geneva.com\/#website\",\"url\":\"http:\/\/canada-club-geneva.com\/\",\"name\":\"CANADA CLUB GENEVA\",\"description\":\"Rencontre entre amis canadians\",\"potentialAction\":[{\"@type\":\"SearchAction\",\"target\":{\"@type\":\"EntryPoint\",\"urlTemplate\":\"http:\/\/canada-club-geneva.com\/?s={search_term_string}\"},\"query-input\":\"required name=search_term_string\"}],\"inLanguage\":\"fr-FR\"},{\"@type\":\"WebPage\",\"@id\":\"http:\/\/canada-club-geneva.com\/news\/#webpage\",\"url\":\"http:\/\/canada-club-geneva.com\/news\/\",\"name\":\"NouvellesNews - CANADA CLUB GENEVA\",\"isPartOf\":{\"@id\":\"http:\/\/canada-club-geneva.com\/#website\"},\"datePublished\":\"2013-08-19T04:45:49+00:00\",\"dateModified\":\"2020-06-18T08:32:47+00:00\",\"breadcrumb\":{\"@id\":\"http:\/\/canada-club-geneva.com\/news\/#breadcrumb\"},\"inLanguage\":\"fr-FR\",\"potentialAction\":[{\"@type\":\"ReadAction\",\"target\":[\"http:\/\/canada-club-geneva.com\/news\/\"]}]},{\"@type\":\"BreadcrumbList\",\"@id\":\"http:\/\/canada-club-geneva.com\/news\/#breadcrumb\",\"itemListElement\":[{\"@type\":\"ListItem\",\"position\":1,\"name\":\"Home\",\"item\":\"http:\/\/canada-club-geneva.com\/\"},{\"@type\":\"ListItem\",\"position\":2,\"name\":\"News\"}]}]}<\/script>\n<!-- \/ Yoast SEO plugin. -->","yoast_head_json":{"title":"NouvellesNews - CANADA CLUB GENEVA","robots":{"index":"index","follow":"follow","max-snippet":"max-snippet:-1","max-image-preview":"max-image-preview:large","max-video-preview":"max-video-preview:-1"},"canonical":"http:\/\/canada-club-geneva.com\/news\/","og_locale":"fr_FR","og_type":"article","og_title":"NouvellesNews - CANADA CLUB GENEVA","og_url":"http:\/\/canada-club-geneva.com\/news\/","og_site_name":"CANADA CLUB GENEVA","article_modified_time":"2020-06-18T08:32:47+00:00","twitter_card":"summary_large_image","schema":{"@context":"https:\/\/schema.org","@graph":[{"@type":"WebSite","@id":"http:\/\/canada-club-geneva.com\/#website","url":"http:\/\/canada-club-geneva.com\/","name":"CANADA CLUB GENEVA","description":"Rencontre entre amis canadians","potentialAction":[{"@type":"SearchAction","target":{"@type":"EntryPoint","urlTemplate":"http:\/\/canada-club-geneva.com\/?s={search_term_string}"},"query-input":"required name=search_term_string"}],"inLanguage":"fr-FR"},{"@type":"WebPage","@id":"http:\/\/canada-club-geneva.com\/news\/#webpage","url":"http:\/\/canada-club-geneva.com\/news\/","name":"NouvellesNews - CANADA CLUB GENEVA","isPartOf":{"@id":"http:\/\/canada-club-geneva.com\/#website"},"datePublished":"2013-08-19T04:45:49+00:00","dateModified":"2020-06-18T08:32:47+00:00","breadcrumb":{"@id":"http:\/\/canada-club-geneva.com\/news\/#breadcrumb"},"inLanguage":"fr-FR","potentialAction":[{"@type":"ReadAction","target":["http:\/\/canada-club-geneva.com\/news\/"]}]},{"@type":"BreadcrumbList","@id":"http:\/\/canada-club-geneva.com\/news\/#breadcrumb","itemListElement":[{"@type":"ListItem","position":1,"name":"Home","item":"http:\/\/canada-club-geneva.com\/"},{"@type":"ListItem","position":2,"name":"News"}]}]}},"_links":{"self":[{"href":"http:\/\/canada-club-geneva.com\/fr\/wp-json\/wp\/v2\/pages\/41"}],"collection":[{"href":"http:\/\/canada-club-geneva.com\/fr\/wp-json\/wp\/v2\/pages"}],"about":[{"href":"http:\/\/canada-club-geneva.com\/fr\/wp-json\/wp\/v2\/types\/page"}],"author":[{"embeddable":true,"href":"http:\/\/canada-club-geneva.com\/fr\/wp-json\/wp\/v2\/users\/1"}],"replies":[{"embeddable":true,"href":"http:\/\/canada-club-geneva.com\/fr\/wp-json\/wp\/v2\/comments?post=41"}],"version-history":[{"count":0,"href":"http:\/\/canada-club-geneva.com\/fr\/wp-json\/wp\/v2\/pages\/41\/revisions"}],"wp:attachment":[{"href":"http:\/\/canada-club-geneva.com\/fr\/wp-json\/wp\/v2\/media?parent=41"}],"curies":[{"name":"wp","href":"https:\/\/api.w.org\/{rel}","templated":true}]}}