{"id":5,"date":"2013-08-19T04:20:29","date_gmt":"2013-08-19T04:20:29","guid":{"rendered":"http:\/\/canada-club-geneva.com\/?page_id=5"},"modified":"2020-06-28T10:31:00","modified_gmt":"2020-06-28T10:31:00","slug":"about-the-canada-club-geneva","status":"publish","type":"page","link":"http:\/\/canada-club-geneva.com\/fr\/about-the-canada-club-geneva\/","title":{"rendered":"\u00c0 propos du Canada Club Gen\u00e8ve"},"content":{"rendered":"\n<p>Le club accueille tous les Canadiens et amis du Canada qui prot\u00e8gent l&rsquo;atmosph\u00e8re accueillante et appr\u00e9cient le m\u00e9lange d&rsquo;activit\u00e9s.<\/p>\n\n\n\n<p>Le Club propose de nombreuses activit\u00e9s, allant de classiques tels que des:<\/p>\n\n\n\n<ul><li>Randonn\u00e9es<\/li><li>Geneva Hockey Night<\/li><li>l&rsquo;Escalade Race<\/li><li>Le Thanksgiving Brunch<\/li><li>Les c\u00e9l\u00e9brations de No\u00ebl et de la f\u00eate du Canada.<\/li><\/ul>\n\n\n\n<p>Les \u00ab\u00a0classiques\u00a0\u00bb sont compl\u00e9t\u00e9s tout au long de l&rsquo;ann\u00e9e avec des \u00e9v\u00e9nements ponctuels, qui peuvent aller de la raquette, des soir\u00e9es cin\u00e9ma, des sorties ski \/ snowboard, des activit\u00e9s culturelles et se tenir inform\u00e9 de \u00ab\u00a0tout ce qui est canadien\u00a0\u00bb \u00e0 Gen\u00e8ve \u00ab\u00a0.<\/p>\n\n\n\n<p>La meilleure fa\u00e7on de rester inform\u00e9 est de s\u2019inscrire \u00e0 la liste d\u2019envoi de notre newsletter.\u00a0\u00a0Vous serez alors inform\u00e9 de toute communication ult\u00e9rieure du Canada Club Gen\u00e8ve.<\/p>\n\n\n\n<p>\u2013 Comit\u00e9 organisateur\u00a0<\/p>\n","protected":false},"excerpt":{"rendered":"<p>Le club accueille tous les Canadiens et amis du Canada qui prot\u00e8gent l&rsquo;atmosph\u00e8re accueillante et appr\u00e9cient le m\u00e9lange d&rsquo;activit\u00e9s. Le Club propose de nombreuses activit\u00e9s, allant de classiques tels que des: Randonn\u00e9es Geneva Hockey Night l&rsquo;Escalade Race Le Thanksgiving Brunch Les c\u00e9l\u00e9brations de No\u00ebl et de la f\u00eate du Canada.<\/p>\n","protected":false},"author":1,"featured_media":0,"parent":0,"menu_order":0,"comment_status":"closed","ping_status":"open","template":"","meta":{"_bbp_topic_count":0,"_bbp_reply_count":0,"_bbp_total_topic_count":0,"_bbp_total_reply_count":0,"_bbp_voice_count":0,"_bbp_anonymous_reply_count":0,"_bbp_topic_count_hidden":0,"_bbp_reply_count_hidden":0,"_bbp_forum_subforum_count":0},"translation":{"provider":"WPGlobus","version":"2.8.4","language":"fr","enabled_languages":["en","fr"],"languages":{"en":{"title":true,"content":true,"excerpt":false},"fr":{"title":true,"content":true,"excerpt":false}}},"yoast_head":"<!-- This site is optimized with the Yoast SEO plugin v17.4 - https:\/\/yoast.com\/wordpress\/plugins\/seo\/ -->\n<title>About the Canada Club Geneva \u00c0 propos du Canada Club Gen\u00e8ve  - CANADA CLUB GENEVA<\/title>\n<meta name=\"robots\" content=\"index, follow, max-snippet:-1, max-image-preview:large, max-video-preview:-1\" \/>\n<link rel=\"canonical\" href=\"http:\/\/canada-club-geneva.com\/about-the-canada-club-geneva\/\" \/>\n<meta property=\"og:locale\" content=\"fr_FR\" \/>\n<meta property=\"og:type\" content=\"article\" \/>\n<meta property=\"og:title\" content=\"About the Canada Club Geneva \u00c0 propos du Canada Club Gen\u00e8ve  - CANADA CLUB GENEVA\" \/>\n<meta property=\"og:url\" content=\"http:\/\/canada-club-geneva.com\/about-the-canada-club-geneva\/\" \/>\n<meta property=\"og:site_name\" content=\"CANADA CLUB GENEVA\" \/>\n<meta property=\"article:modified_time\" content=\"2020-06-28T10:31:00+00:00\" \/>\n<meta name=\"twitter:card\" content=\"summary_large_image\" \/>\n<meta name=\"twitter:label1\" content=\"Dur\u00e9e de lecture est.\" \/>\n\t<meta name=\"twitter:data1\" content=\"1 minute\" \/>\n<script type=\"application\/ld+json\" class=\"yoast-schema-graph\">{\"@context\":\"https:\/\/schema.org\",\"@graph\":[{\"@type\":\"WebSite\",\"@id\":\"http:\/\/canada-club-geneva.com\/#website\",\"url\":\"http:\/\/canada-club-geneva.com\/\",\"name\":\"CANADA CLUB GENEVA\",\"description\":\"Rencontre entre amis canadians\",\"potentialAction\":[{\"@type\":\"SearchAction\",\"target\":{\"@type\":\"EntryPoint\",\"urlTemplate\":\"http:\/\/canada-club-geneva.com\/?s={search_term_string}\"},\"query-input\":\"required name=search_term_string\"}],\"inLanguage\":\"fr-FR\"},{\"@type\":\"WebPage\",\"@id\":\"http:\/\/canada-club-geneva.com\/about-the-canada-club-geneva\/#webpage\",\"url\":\"http:\/\/canada-club-geneva.com\/about-the-canada-club-geneva\/\",\"name\":\"About the Canada Club Geneva \\u00c0 propos du Canada Club Gen\\u00e8ve - CANADA CLUB GENEVA\",\"isPartOf\":{\"@id\":\"http:\/\/canada-club-geneva.com\/#website\"},\"datePublished\":\"2013-08-19T04:20:29+00:00\",\"dateModified\":\"2020-06-28T10:31:00+00:00\",\"breadcrumb\":{\"@id\":\"http:\/\/canada-club-geneva.com\/about-the-canada-club-geneva\/#breadcrumb\"},\"inLanguage\":\"fr-FR\",\"potentialAction\":[{\"@type\":\"ReadAction\",\"target\":[\"http:\/\/canada-club-geneva.com\/about-the-canada-club-geneva\/\"]}]},{\"@type\":\"BreadcrumbList\",\"@id\":\"http:\/\/canada-club-geneva.com\/about-the-canada-club-geneva\/#breadcrumb\",\"itemListElement\":[{\"@type\":\"ListItem\",\"position\":1,\"name\":\"Home\",\"item\":\"http:\/\/canada-club-geneva.com\/\"},{\"@type\":\"ListItem\",\"position\":2,\"name\":\"About the Canada Club Geneva\"}]}]}<\/script>\n<!-- \/ Yoast SEO plugin. -->","yoast_head_json":{"title":"About the Canada Club Geneva \u00c0 propos du Canada Club Gen\u00e8ve  - CANADA CLUB GENEVA","robots":{"index":"index","follow":"follow","max-snippet":"max-snippet:-1","max-image-preview":"max-image-preview:large","max-video-preview":"max-video-preview:-1"},"canonical":"http:\/\/canada-club-geneva.com\/about-the-canada-club-geneva\/","og_locale":"fr_FR","og_type":"article","og_title":"About the Canada Club Geneva \u00c0 propos du Canada Club Gen\u00e8ve  - CANADA CLUB GENEVA","og_url":"http:\/\/canada-club-geneva.com\/about-the-canada-club-geneva\/","og_site_name":"CANADA CLUB GENEVA","article_modified_time":"2020-06-28T10:31:00+00:00","twitter_card":"summary_large_image","twitter_misc":{"Dur\u00e9e de lecture est.":"1 minute"},"schema":{"@context":"https:\/\/schema.org","@graph":[{"@type":"WebSite","@id":"http:\/\/canada-club-geneva.com\/#website","url":"http:\/\/canada-club-geneva.com\/","name":"CANADA CLUB GENEVA","description":"Rencontre entre amis canadians","potentialAction":[{"@type":"SearchAction","target":{"@type":"EntryPoint","urlTemplate":"http:\/\/canada-club-geneva.com\/?s={search_term_string}"},"query-input":"required name=search_term_string"}],"inLanguage":"fr-FR"},{"@type":"WebPage","@id":"http:\/\/canada-club-geneva.com\/about-the-canada-club-geneva\/#webpage","url":"http:\/\/canada-club-geneva.com\/about-the-canada-club-geneva\/","name":"About the Canada Club Geneva \u00c0 propos du Canada Club Gen\u00e8ve - CANADA CLUB GENEVA","isPartOf":{"@id":"http:\/\/canada-club-geneva.com\/#website"},"datePublished":"2013-08-19T04:20:29+00:00","dateModified":"2020-06-28T10:31:00+00:00","breadcrumb":{"@id":"http:\/\/canada-club-geneva.com\/about-the-canada-club-geneva\/#breadcrumb"},"inLanguage":"fr-FR","potentialAction":[{"@type":"ReadAction","target":["http:\/\/canada-club-geneva.com\/about-the-canada-club-geneva\/"]}]},{"@type":"BreadcrumbList","@id":"http:\/\/canada-club-geneva.com\/about-the-canada-club-geneva\/#breadcrumb","itemListElement":[{"@type":"ListItem","position":1,"name":"Home","item":"http:\/\/canada-club-geneva.com\/"},{"@type":"ListItem","position":2,"name":"About the Canada Club Geneva"}]}]}},"_links":{"self":[{"href":"http:\/\/canada-club-geneva.com\/fr\/wp-json\/wp\/v2\/pages\/5"}],"collection":[{"href":"http:\/\/canada-club-geneva.com\/fr\/wp-json\/wp\/v2\/pages"}],"about":[{"href":"http:\/\/canada-club-geneva.com\/fr\/wp-json\/wp\/v2\/types\/page"}],"author":[{"embeddable":true,"href":"http:\/\/canada-club-geneva.com\/fr\/wp-json\/wp\/v2\/users\/1"}],"replies":[{"embeddable":true,"href":"http:\/\/canada-club-geneva.com\/fr\/wp-json\/wp\/v2\/comments?post=5"}],"version-history":[{"count":0,"href":"http:\/\/canada-club-geneva.com\/fr\/wp-json\/wp\/v2\/pages\/5\/revisions"}],"wp:attachment":[{"href":"http:\/\/canada-club-geneva.com\/fr\/wp-json\/wp\/v2\/media?parent=5"}],"curies":[{"name":"wp","href":"https:\/\/api.w.org\/{rel}","templated":true}]}}